{"id":3074,"date":"2020-03-20T21:42:38","date_gmt":"2020-03-20T12:42:38","guid":{"rendered":"http:\/\/zawanabi.net\/?page_id=3074"},"modified":"2022-01-12T19:51:45","modified_gmt":"2022-01-12T10:51:45","slug":"%e8%87%aa%e5%ad%a6%e8%87%aa%e7%bf%92%e3%81%ae%e5%be%b9%e5%ba%95%e3%81%a7%e6%88%90%e7%b8%be%e3%82%a2%e3%83%83%e3%83%97%e3%83%bb%e5%bf%97%e6%9c%9b%e6%a0%a1%e5%90%88%e6%a0%bc","status":"publish","type":"page","link":"https:\/\/zawanabi.net\/?page_id=3074","title":{"rendered":"\u81ea\u5b66\u81ea\u7fd2\u306e\u5fb9\u5e95\u3067\u6210\u7e3e\u30a2\u30c3\u30d7\u30fb\u5fd7\u671b\u6821\u5408\u683c"},"content":{"rendered":"<p><a href=\"https:\/\/zawanabi.net\/wp-content\/uploads\/2021\/12\/\u30b9\u30af\u30ea\u30fc\u30f3\u30b7\u30e7\u30c3\u30c8-2021-12-06-15.14.39.png\"><img class=\"alignnone wp-image-3590 size-large\" decoding=\"async\" loading=\"lazy\" src=\"https:\/\/zawanabi.net\/wp-content\/uploads\/2021\/12\/\u30b9\u30af\u30ea\u30fc\u30f3\u30b7\u30e7\u30c3\u30c8-2021-12-06-15.14.39-1024x214.png\" alt=\"\" width=\"1024\" height=\"214\" \/><\/a><\/p>\n<p>\u6210\u7e3e\u30a2\u30c3\u30d7\u306b\u5fc5\u8981\u306a\u3053\u3068\u306f\u51ac\u671f\u8b1b\u7fd2\u4f1a\u306b\u53c2\u52a0\u3059\u308b\u3053\u3068\u3067\u3082\u3001\u6709\u540d\u306a\u5148\u751f\u306e\u5206\u304b\u308a\u3084\u3059\u3044\u6388\u696d\u3092\u805e\u304f\u3053\u3068\u3067\u3082\u3042\u308a\u307e\u305b\u3093\u3002<\/p>\n<p>\u81ea\u5b66\u81ea\u7fd2\u3092\u901a\u3057\u3066\u3001<strong>\u4e00\u3064\u3067\u3082\u591a\u304f\u300c\u5206\u304b\u308b\u300d\u3092\u300c\u3067\u304d\u308b\u300d\u306b\u3057\u3066\u3044\u304f\u3053\u3068\u304c\u5fc5\u8981<\/strong>\u3067\u3059\u3002<br \/>\n<strong>\u30b6\u30ef\u30ca\u30d3 \u306f\u500b\u5225\u306b\u6700\u9069\u5316\u3055\u308c\u305f\u81ea\u5b66\u81ea\u7fd2\u3092\u5fb9\u5e95\u7684\u306b\u30b5\u30dd\u30fc\u30c8\u3059\u308b\u587e\u3067\u3059\u3002<\/strong><\/p>\n<p>\u91d1\u6ca2\u5e02\u5185\u306b1\u6559\u5ba4\u3057\u304b\u306a\u3044\u5c0f\u3055\u306a\u5b66\u7fd2\u587e\u306b\u3082\u304b\u304b\u308f\u3089\u305a\u30012017\u5e74\u306e\u958b\u6821\u4ee5\u6765\u3001\u4e2d3\u306e<span style=\"color: #ff0000; font-size: 12pt;\"><strong>4\u4eba\u306b3\u4eba\u304c\u9644\u5c5e\u9ad8\u6821\u30fb\u6cc9\u4e18\u30fb\u4e8c\u6c34\u9ad8\u6821\u306b\u5408\u683c<\/strong><\/span>\u3002\u56fd\u516c\u7acb\u9ad8\u6821\u306f\u9a5a\u7570\u306e\u5408\u683c\u738795\uff05\u3002<\/p>\n<p>\u3055\u3089\u306b2021\u5e74\u3001\u5927\u5b66\u53d7\u9a13\u306b\u304a\u3044\u3066\u3001<strong>\u770c\u5185\u552f\u4e00<\/strong>\u306e<span style=\"font-size: 12pt; color: #ff0000;\"><strong>\u4eac\u90fd\u5927\u5b66\u533b\u5b66\u90e8\u533b\u5b66\u79d1\u306b\u73fe\u5f79\u5408\u683c<\/strong><\/span>\u3057\u305f\u751f\u5f92\u3092\u306f\u3058\u3081\u3001\u306a\u3093\u3068<span style=\"color: #0000ff; font-size: 12pt;\"><strong>3\u4eba\u306b2\u4eba\u304c\u65e7\u5e1d\u5927\u3092\u306f\u3058\u3081\u3068\u3057\u305f\u96e3\u95a210\u5927\u5b66\u306b\u73fe\u5f79\u5408\u683c<\/strong><\/span>\u3092\u679c\u305f\u3057\u307e\u3057\u305f\u3002<\/p>\n<p>\u81ea\u5b66\u81ea\u7fd2\u306e\u5fb9\u5e95\u3053\u305d\u304c\u6210\u7e3e\u30a2\u30c3\u30d7\u30fb\u5fd7\u671b\u6821\u5408\u683c\u306e\u5927\u304d\u306a\u9375\u3092\u63e1\u3063\u3066\u3044\u308b\u3053\u3068\u306f\u3001\u3053\u306e\u5408\u683c\u5b9f\u7e3e\u304b\u3089\u3082\u660e\u3089\u304b\u3067\u3059\u3002<\/p>\n<p><a class=\"ep-btn bgc-Vorange es-size100 ftc-white es-TpaddingS es-BpaddingS es-BTarrow es-bold\" href=\"https:\/\/docs.google.com\/forms\/d\/e\/1FAIpQLSdAKZYU7EwEr7FofJsmlB9oQ1bsiRXHOVzHZ3UCuC_m0m0yiA\/viewform?usp=sf_link\">\u65e9\u901f\u30b6\u30ef\u30ca\u30d3\u3078\u554f\u5408\u305b\u3092\u3057\u3066\u307f\u308b<\/a><\/p>\n<h2 id=\"outline__1\">\u3059\u3079\u3066\u306f\u587e\u3067\u6388\u696d\u3092\u53d7\u3051\u308b\u7121\u99c4\u306b\u6c17\u3065\u304f\u3053\u3068\u304b\u3089<\/h2>\n<hr \/>\n<p><a href=\"https:\/\/zawanabi.net\/wp-content\/uploads\/2020\/03\/\u30b9\u30af\u30ea\u30fc\u30f3\u30b7\u30e7\u30c3\u30c8-2020-03-20-17.25.43.png\"><img class=\"wp-image-3079 aligncenter\" decoding=\"async\" loading=\"lazy\" src=\"https:\/\/zawanabi.net\/wp-content\/uploads\/2020\/03\/\u30b9\u30af\u30ea\u30fc\u30f3\u30b7\u30e7\u30c3\u30c8-2020-03-20-17.25.43-1024x623.png\" alt=\"\" width=\"426\" height=\"259\" \/><\/a>\u4f7f\u3044\u53e4\u3055\u308c\u305f\u8a00\u8449\u3067\u3059\u304c\u3001\u300c\u5206\u304b\u308b\u300d\u3068\u300c\u51fa\u6765\u308b\u300d\u306f\u7570\u306a\u308a\u307e\u3059\u3002\u305d\u3057\u3066\u300c\u6388\u696d\u300d\u306f\u300c\u51fa\u6765\u308b\u300d\u3088\u3046\u306b\u306a\u308b\u305f\u3081\u306e\u6700\u3082\u521d\u6b69\u306e\u90e8\u5206\u3067\u3042\u308b\u300c\u5206\u304b\u308b\u300d\u72b6\u614b\u306b\u3057\u304b\u3057\u3066\u304f\u308c\u307e\u305b\u3093\u3002\u300c\u51fa\u6765\u308b\u300d\u3088\u3046\u306b\u306a\u308b\u305f\u3081\u306b\u306f\u3001\u300c\u884c\u3046\u300d\u3059\u306a\u308f\u3061\u300c\u81ea\u5b66\u81ea\u7fd2\u300d\u304c\u5fc5\u9808\u306a\u306e\u3067\u3059\u3002\u3064\u307e\u308a\u3001\u3069\u308c\u3060\u3051\u5206\u304b\u308a\u3084\u3059\u3044\u5148\u751f\u306e\u6388\u696d\u3092\u805e\u3044\u305f\u3068\u3057\u3066\u3082\u3001\u300c\u5206\u304b\u308b\u300d\u72b6\u614b\u306b\u306a\u308b\u3060\u3051\u306a\u306e\u3067\u3059\u3002<\/p>\n<p>\u3055\u3089\u306b\u591a\u304f\u306e\u5b66\u751f\u306f\u5b66\u6821\u3067\u6bce\u65e5\u4f55\u6642\u9593\u3082\u6388\u696d\u3092\u805e\u3044\u3066\u3044\u308b\u306f\u305a\u3067\u3059\u3002\u305d\u308c\u306b\u3082\u304b\u304b\u308f\u3089\u305a\u3001\u587e\u306b\u6765\u3066\u307e\u3067\u6388\u696d\u3092\u805e\u304f\u3068\u3044\u3046\u3053\u3068\u304c\u3001\u3044\u304b\u306b\u975e\u52b9\u7387\u3067\u3042\u308b\u3053\u3068\u304b\u3001\u3053\u3053\u306b\u6c17\u3065\u304f\u3053\u3068\u304c\u3042\u306a\u305f\u306e\u6210\u7e3e\u30a2\u30c3\u30d7\u30fb\u5fd7\u671b\u6821\u5408\u683c\u306e\u7b2c\u4e00\u6b69\u306a\u306e\u3067\u3059\u3002<\/p>\n<h2 id=\"outline__2\">\u81ea\u5b66\u81ea\u7fd2\u3092\u6975\u3081\u308b\u306a\u3089\u30b6\u30ef\u30ca\u30d3<\/h2>\n<hr \/>\n<p>\u81ea\u5b66\u81ea\u7fd2\u304c\u5927\u5207\u3068\u8a00\u3063\u3066\u3082\u3001\u305d\u308c\u304c\u81ea\u5206\u4e00\u4eba\u3067\u3067\u304d\u308b\u306a\u3089\u8ab0\u3082\u82e6\u52b4\u3057\u307e\u305b\u3093\u3002\u30b6\u30ef\u30ca\u30d3\u306b\u306f\u591a\u304f\u306e\u4eba\u306b\u3068\u3063\u3066\u672c\u6765\u30b5\u30dd\u30fc\u30c8\u304c\u5fc5\u8981\u306a\u81ea\u5b66\u81ea\u7fd2\u3092\u6975\u3081\u308b\u305f\u3081\u306e\u74b0\u5883\u304c\u3042\u308a\u307e\u3059\u3002<\/p>\n<h3 id=\"outline__2_1\">\u2460 1\u9031\u9593\u5358\u4f4d\u306e\u5b66\u7fd2\u30d7\u30e9\u30f3\u30cb\u30f3\u30b0\u3067\u5b66\u3076\u3079\u304d\u3053\u3068\u306b\u8ff7\u308f\u306a\u3044<\/h3>\n<p>\u300c\u4f8b\u3048\u3070\u5fd7\u671b\u6821\u306b\u5408\u683c\u3059\u308b\u305f\u3081\u306b\u3001\u3069\u3046\u3044\u3063\u305f\u9806\u5e8f\u3067\u3069\u306e\u3088\u3046\u306b\u5b66\u3093\u3067\u3044\u3051\u3070\u826f\u3044\u306e\u304b\u300d\u3053\u306e\u6839\u672c\u7684\u306a\u90e8\u5206\u3092\u7406\u89e3\u305b\u305a\u3001\u305f\u3060\u76ee\u306e\u524d\u306e\u8ab2\u984c\u306b\u53d6\u308a\u7d44\u3093\u3067\u3044\u308b\u4eba\u306f\u5c11\u306a\u304f\u3042\u308a\u307e\u305b\u3093\u304c\u305d\u308c\u306f\u975e\u52b9\u7387\u3067\u3059\u3002<\/p>\n<p><a href=\"https:\/\/zawanabi.net\/wp-content\/uploads\/2020\/03\/10104_@_W_q_c____Q_N_\u00d4_v_\u00e6__T___v__HP_p_\u00e6__.jpg\"><img class=\"alignnone wp-image-3028 aligncenter\" decoding=\"async\" loading=\"lazy\" src=\"https:\/\/zawanabi.net\/wp-content\/uploads\/2020\/03\/10104_@_W_q_c____Q_N_\u00d4_v_\u00e6__T___v__HP_p_\u00e6__.jpg\" alt=\"\" width=\"527\" height=\"399\" \/><\/a>\u30b6\u30ef\u30ca\u30d3\u3067\u306f\u5b66\u7fd2\u30d7\u30e9\u30f3\u30ca\u30fc\u304c\u3001\u5fd7\u671b\u6821\u5408\u683c\u306b\u5fc5\u8981\u306a\u5b66\u7fd2\u306e\u8a08\u753b\u3092\u3082\u3068\u306b\u30011\u9031\u9593\u5358\u4f4d\u3067\u4eca\u3084\u308b\u3079\u304d\u3053\u3068\u3092\u6307\u793a\u3057\u3066\u3044\u304f\u306e\u3067\u3001\u4eca\u5b66\u3076\u3079\u304d\u3053\u3068\u306b\u96c6\u4e2d\u3057\u3066\u5b66\u7fd2\u3059\u308b\u3053\u3068\u304c\u3067\u304d\u307e\u3059\u3002\u3042\u308c\u3084\u3053\u308c\u3084\u3068\u8272\u3005\u306a\u554f\u984c\u96c6\u306b\u624b\u3092\u51fa\u3057\u3066\u3057\u307e\u3046\u3068\u3044\u3063\u305f\u975e\u52b9\u7387\u306a\u3053\u3068\u3082\u306a\u304f\u306a\u308a\u307e\u3059\u3002<\/p>\n<h3 id=\"outline__2_2\">\u2461 \u30c6\u30b9\u30c8\u3067\u3084\u308a\u3063\u3071\u306a\u3057\u306b\u3055\u305b\u306a\u3044\u3002\u5c0f\u3055\u306a\u7a74\u3092\u898b\u9003\u3055\u306a\u3044<\/h3>\n<p>\u81ea\u5b66\u81ea\u7fd2\u3092\u901a\u3057\u3066\u5b66\u7fd2\u3057\u305f\u5185\u5bb9\u304c\u3057\u3063\u304b\u308a\u3068\u8eab\u306b\u3064\u3044\u3066\u3044\u308b\u304b\u3069\u3046\u304b\u3001\u7d30\u304b\u304f\u30c6\u30b9\u30c8\u3092\u5b9f\u65bd\u3057\u5e38\u306b\u78ba\u8a8d\u3057\u3066\u884c\u304d\u307e\u3059\u3002\u3053\u306e\u30c6\u30b9\u30c8\u3092\u5b9f\u65bd\u3059\u308b\u3053\u3068\u3067\u3001\u3084\u308a\u3063\u3071\u306a\u3057\u3092\u9632\u3050\u3068\u540c\u6642\u306b\u3001\u82e6\u624b\u306e\u82bd\u3092\u65e9\u671f\u306b\u6458\u3080\u3053\u3068\u304c\u3067\u304d\u307e\u3059\u3002\u307e\u305f\u4f55\u3092\u9593\u9055\u3063\u3066\u3044\u308b\u306e\u304b\u3001\u3069\u3046\u9593\u9055\u3063\u3066\u3044\u308b\u306e\u304b\u3092\u628a\u63e1\u3059\u308b\u3053\u3068\u3067\u3001\u8ffd\u52a0\u306e\u6f14\u7fd2\u3084\u5fa9\u7fd2\u306e\u5fc5\u8981\u6027\u3092\u5224\u65ad\u3057\u3001\u305d\u308c\u3092\u5b66\u7fd2\u8a08\u753b\u306b\u5373\u53cd\u6620\u3055\u305b\u3066\u884c\u304d\u307e\u3059\u3002<\/p>\n<h3 id=\"outline__2_3\">\u2462 \u8cea\u554f\u306f\u6559\u5ba4\u3068\u30aa\u30f3\u30e9\u30a4\u30f3\u3067<\/h3>\n<p>\u30b6\u30ef\u30ca\u30d3\u306e\u6559\u5ba4\u306b\u306f\u5206\u304b\u3089\u306a\u3044\u554f\u984c\u7b49\u3092\u305d\u306e\u5834\u3067\u6559\u3048\u3066\u304f\u308c\u308b\u30b9\u30bf\u30c3\u30d5\u304c\u5e38\u99d0\u3057\u3066\u3044\u307e\u3059\u3002\u307e\u305f\u5bb6\u306b\u3044\u306a\u304c\u3089\u30aa\u30f3\u30e9\u30a4\u30f3\u4e0a\u3067\u8cea\u554f\u3092\u3059\u308b\u3053\u3068\u3082\u53ef\u80fd\u3067\u3059\u3002\u30aa\u30f3\u30e9\u30a4\u30f3\u3068\u30aa\u30d5\u30e9\u30a4\u30f3\u53cc\u65b9\u3067\u7591\u554f\u3092\u89e3\u6c7a\u3067\u304d\u308b\u74b0\u5883\u304c\u3042\u308a\u307e\u3059\u3002<\/p>\n<h3 id=\"outline__2_4\">\u2463 \u96c6\u4e2d\u3067\u304d\u308b\u74b0\u5883<\/h3>\n<p><a href=\"https:\/\/zawanabi.net\/wp-content\/uploads\/2020\/03\/IMG_9012.jpg\"><img class=\"wp-image-3081 aligncenter\" decoding=\"async\" loading=\"lazy\" src=\"https:\/\/zawanabi.net\/wp-content\/uploads\/2020\/03\/IMG_9012-1024x1024.jpg\" alt=\"\" width=\"500\" height=\"500\" \/><\/a>\u81ea\u5206\u306e\u5b66\u7fd2\u306b\u96c6\u4e2d\u3067\u304d\u308b\u3088\u3046\u4e00\u4eba\u305a\u3064\u4ed5\u5207\u3089\u308c\u305f\u3001\u5c11\u3057\u5927\u304d\u3081\u306e\u673a\u3092\u3054\u7528\u610f\u3057\u3066\u3044\u307e\u3059\u3002<\/p>\n<h2 id=\"outline__3\">\u4ed6\u306b\u3082\u3042\u308b!! \u30b6\u30ef\u30ca\u30d3\u304c\u9078\u3070\u308c\u3066\u3044\u308b\u7406\u7531<\/h2>\n<hr \/>\n<h3 id=\"outline__3_1\">\u2460 \u5b9a\u984d\u5236\u3067\u901a\u3044\u653e\u984c<\/h3>\n<p>\u305f\u304f\u3055\u3093\u52c9\u5f37\u3057\u3066\u6b32\u3057\u3044\u304b\u3089\u30b6\u30ef\u30ca\u30d3\u306f\u5b9a\u984d\u5236\u3067\u901a\u3044\u653e\u984c\u3002\u901a\u5ba4\u30d7\u30e9\u30f3\u3082\u901a\u5ba4\u53ef\u80fd\u6642\u9593\u306b\u5fdc\u3058\u305f3\u30d7\u30e9\u30f3\u3068\u306a\u3063\u3066\u3044\u3066\u660e\u77ad\u3067\u3059\u3002\u7279\u306b\u500b\u5225\u6307\u5c0e\u587e\u3067\u3088\u304f\u76ee\u306b\u3059\u308b\u3001\u898b\u305b\u304b\u3051\u306e\u6599\u91d1\u30d7\u30e9\u30f3\u3060\u3051\u5b89\u304f\u3001\u5fc5\u8981\u3060\u304b\u3089\u3068\u30b3\u30de\u3092\u8ffd\u52a0\u8ffd\u52a0\u3057\u3066\u3001\u6700\u7d42\u7684\u306b\u306f\u9ad8\u984d\u306b\u306a\u308b\u3068\u3044\u3063\u305f\u4e0d\u660e\u77ad\u3055\u3068\u6bd4\u8f03\u3055\u308c\u305f\u65b9\u304b\u3089\u597d\u8a55\u3092\u5f97\u3066\u3044\u307e\u3059\u3002<\/p>\n<p>&nbsp;<\/p>\n<table class=\"aligncenter\" style=\"border-collapse: collapse; width: 51.5942%;\" border=\"1\">\n<tbody>\n<tr>\n<td style=\"width: 14.6376%;\">\u30b3\u30fc\u30b9\u540d<\/td>\n<td style=\"width: 17.8261%;\">\u6708\u9593\u901a\u5ba4\u53ef\u80fd\u6642\u9593<\/td>\n<td style=\"width: 13.2377%;\">\u4f1a\u8cbb\uff08\u7a0e\u8fbc\uff09<\/td>\n<\/tr>\n<tr>\n<td style=\"width: 14.6376%;\">\u5b66\u653e\u984cS<\/td>\n<td style=\"width: 17.8261%;\">8\u6642\u9593<\/td>\n<td style=\"width: 13.2377%;\">5,280\u5186<\/td>\n<\/tr>\n<tr>\n<td style=\"width: 14.6376%;\">\u5b66\u653e\u984cM<\/td>\n<td style=\"width: 17.8261%;\">24\u6642\u9593<\/td>\n<td style=\"width: 13.2377%;\">15,400\u5186<\/td>\n<\/tr>\n<tr>\n<td style=\"width: 14.6376%;\">\u5b66\u653e\u984cL<\/td>\n<td style=\"width: 17.8261%;\">\u7121\u5236\u9650<\/td>\n<td style=\"width: 13.2377%;\">21,780\u5186<\/td>\n<\/tr>\n<\/tbody>\n<\/table>\n<h3 id=\"outline__3_2\">\u2461 \u5b63\u7bc0\u8b1b\u7fd2\u30fb\u7279\u5225\u8b1b\u7fd2\u304c\u306a\u3044<\/h3>\n<p><a href=\"https:\/\/zawanabi.net\/wp-content\/uploads\/2019\/03\/\u30b9\u30af\u30ea\u30fc\u30f3\u30b7\u30e7\u30c3\u30c8-2019-03-24-18.36.23.png\"><img class=\"wp-image-2799 aligncenter\" decoding=\"async\" loading=\"lazy\" src=\"https:\/\/zawanabi.net\/wp-content\/uploads\/2019\/03\/\u30b9\u30af\u30ea\u30fc\u30f3\u30b7\u30e7\u30c3\u30c8-2019-03-24-18.36.23-1024x684.png\" alt=\"\" width=\"500\" height=\"334\" \/><\/a><\/p>\n<p>\u587e\u306b\u901a\u3046\u3068\u3001\u9577\u671f\u4f11\u307f\u671f\u9593\u306b\u300c\u8b1b\u7fd2\u4f1a\u300d\u3068\u3044\u3046\u901a\u5e38\u6388\u696d\u3068\u306f\u7570\u306a\u308b\u7279\u5225\u8b1b\u7fd2\u304c\u5b9f\u65bd\u3055\u308c\u53c2\u52a0\u3092\u6c42\u3081\u3089\u308c\u307e\u3059\u3002\u6b63\u76f4\u3053\u3046\u3044\u3063\u305f\u7279\u5225\u8b1b\u7fd2\u306f\u3001\u587e\u306e\u58f2\u4e0a\u306b\u3068\u3063\u3066\u306f\u6709\u76ca\u304b\u3082\u3057\u308c\u307e\u305b\u3093\u304c\u3001\u751f\u5f92\u306e\u5b66\u529bUP\u306b\u5fc5\u305a\u3057\u3082\u5fc5\u8981\u3060\u3068\u306f\u30b6\u30ef\u30ca\u30d3\u306f\u8003\u3048\u3066\u3044\u307e\u305b\u3093\u3002\u30b6\u30ef\u30ca\u30d3\u306f\u3001\u9577\u671f\u4f11\u307f\u671f\u9593\u306f\u3044\u3064\u307e\u3067\u4ee5\u4e0a\u306e\u6642\u9593\u3092\u78ba\u4fdd\u3057\u3066\u3001\u81ea\u5b66\u81ea\u7fd2\u306b\u53d6\u308a\u7d44\u3081\u3070\u826f\u3044\u3068\u8003\u3048\u3066\u3044\u307e\u3059\u3002<\/p>\n<h3 id=\"outline__3_3\">\u2462 \u9ad8\u3044\u5408\u683c\u5b9f\u7e3e\u3068\u8c4a\u5bcc\u306a\u6210\u7e3e\u30a2\u30c3\u30d7\u4e8b\u4f8b<\/h3>\n<p>\u81ea\u5b66\u81ea\u7fd2\u304c\u5fd7\u671b\u6821\u5408\u683c\u3084\u6210\u7e3e\u30a2\u30c3\u30d7\u3078\u306e\u8fd1\u9053\u3067\u3042\u308b\u3053\u3068\u3092\u5b9f\u7e3e\u306f\u7269\u8a9e\u3063\u3066\u3044\u307e\u3059\u3002<\/p>\n<div class=\"ep-box es-Bicon icon-tag bgc-VPorange\"><strong><span style=\"font-size: 18pt;\">2021\u5e74\u5ea6\u5165\u8a66 \u5408\u683c\u5b9f\u7e3e<\/span><\/strong><\/div>\n<div class=\"ep-box es-Bicon icon-tag bgc-VPorange\">\n<hr \/>\n<p class=\"well2\">\u3010\u5927\u5b66\u53d7\u9a13\u3011<br \/>\n\u4eac\u90fd\u5927\u5b66 \u533b\u5b66\u90e8\u533b\u5b66\u79d1\u30001\u540d<br \/>\n\u6771\u5317\u5927\u5b66 \u5de5\u5b66\u90e8 1\u540d<br \/>\n\u6771\u5317\u5927\u5b66 \u7d4c\u6e08\u5b66\u90e8 1\u540d<br \/>\n\u5317\u6d77\u9053\u5927\u5b66 \u7dcf\u5408\u7406\u7cfb 1\u540d<br \/>\n\u5317\u6d77\u9053\u5927\u5b66 \u7406\u5b66\u90e8\u30001\u540d<br \/>\n\u6a2a\u6d5c\u56fd\u7acb\u5927\u5b66 \u7d4c\u55b6\u5b66\u90e8\u30001\u540d<\/p>\n<p>\u3010\u9ad8\u6821\u53d7\u9a13\u3011<br \/>\n\u91d1\u6ca2\u5927\u9644\u5c5e\u9ad8\u6821\u30005\u540d<br \/>\n\u91d1\u6ca2\u6cc9\u4e18\u9ad8\u6821\u30002\u540d<br \/>\n\u91d1\u6ca2\u4e8c\u6c34\u9ad8\u6821\u3000\uff13\u540d<\/p>\n<\/div>\n<p>&nbsp;<\/p>\n<h2 id=\"outline__4\">\u751f\u5f92\u306e\u58f0<\/h2>\n<hr \/>\n<p class=\"well\">A\u304f\u3093\u306e\u5834\u5408<br \/>\n\u50d5\u306f3\u5e74\u9593\u30b6\u30ef\u30ca\u30d3\u306b\u901a\u3044\u3001\u7121\u4e8b\u4eac\u90fd\u5927\u5b66\u533b\u5b66\u90e8\u306b\u73fe\u5f79\u3067\u5408\u683c\u3059\u308b\u3053\u3068\u304c\u3067\u304d\u307e\u3057\u305f\u3002\u6388\u696d\u5f62\u5f0f\u306e\u587e\u306f\u62d8\u675f\u6642\u9593\u3082\u9577\u304f\u30a2\u30a6\u30c8\u30d7\u30c3\u30c8\u304c\u4e0d\u8db3\u3059\u308b\u305f\u3081\u516c\u7acb\u7684\u3068\u306f\u8a00\u3048\u307e\u305b\u3093\u3002\u305d\u306e\u70b9\u30b6\u30ef\u30ca\u30d3\u306f\u6bce\u9031\u305f\u3066\u308b\u4e88\u5b9a\u8868\u3067\u500b\u3005\u306e\u81ea\u5b66\u81ea\u7fd2\u3092\u3057\u3063\u304b\u308a\u30b5\u30dd\u30fc\u30c8\u3057\u3066\u304f\u308c\u305f\u306e\u3067\u516c\u7acb\u7684\u306b\u52c9\u5f37\u3059\u308b\u3053\u3068\u304c\u3067\u304d\u307e\u3057\u305f\u3002\u307e\u305f\u30ec\u30d9\u30eb\u306e\u9ad8\u3044\u30c1\u30e5\u30fc\u30bf\u30fc\u306e\u65b9\u306b\u3044\u3064\u3067\u3082\u8cea\u554f\u3067\u304d\u305f\u306e\u3067\u5fc3\u5f37\u304b\u3063\u305f\u3067\u3059\u3002<\/p>\n<p>B\u3055\u3093\u306e\u5834\u5408<br \/>\n\u4e2d\u5b663\u5e74\u751f\u306e4\u6708\u306b\u5165\u4f1a\u3057\u3066\u3001\u305d\u308c\u304b\u30891\u30f6\u6708\u534a\u5f8c\u306e\u5b9a\u671f\u30c6\u30b9\u30c8\u30675\u6559\u79d1\u5408\u8a08\u70b9\u304c60\u70b9\u30a2\u30c3\u30d7\u3002\u305d\u308c\u304b\u3089\u6bce\u6708100\u6642\u9593\u7a0b\u30b6\u30ef\u30ca\u30d3\u3067\u52c9\u5f37\u3057\u3066\u3044\u305f\u3089\u3001\u91d1\u6ca2\u5e02\u7d71\u4e00\u30c6\u30b9\u30c8\u3067\u306f\u6570\u5b66\u306f\u6e80\u70b9\u3067\u91d1\u6ca2\u5e021\u4f4d\u3001\u77f3\u5ddd\u770c\u7dcf\u5408\u6a21\u8a66\u3067\u306f4000\u4eba\u306a\u304b13\u4f4d\u307e\u3067\u70b9\u6570\u304c\u53d6\u308c\u308b\u3088\u3046\u306b\u306a\u308a\u307e\u3057\u305f\u3002\u7d50\u679c\u3068\u3057\u3066\u7b2c\u4e00\u5fd7\u671b\u3060\u3063\u305f\u9644\u5c5e\u9ad8\u6821\u306b\u306b\u3082\u5408\u683c\u3059\u308b\u3053\u3068\u304c\u3067\u304d\u307e\u3057\u305f\u3002<\/p>\n<h2 id=\"outline__5\">\u3088\u304f\u3042\u308b\u8cea\u554f<\/h2>\n<hr \/>\n<div class=\"ep-box es-BmarkQ bgc-white\">Q\uff1a\u30b6\u30ef\u30ca\u30d3\u3068\u540c\u3058\u3088\u3046\u306a\u6f14\u7fd2\u4e2d\u5fc3\u306e\u587e\u306b\u901a\u3063\u3066\u3044\u307e\u3059\u304c\u3001\u305d\u308c\u3089\u306e\u587e\u3068\u30b6\u30ef\u30ca\u30d3\u306e\u9055\u3044\u306f\u4f55\u3067\u3059\u304b\uff1f<\/p>\n<p class=\"well2\">\u78ba\u304b\u306b\u6f14\u7fd2\u4e2d\u5fc3\u578b\u306e\u587e\u306f\u4ed6\u306b\u3082\u5b58\u5728\u3057\u307e\u3059\u3002\u305f\u3060\u57fa\u672c\u7684\u306b\u3084\u3089\u3063\u305b\u3071\u306a\u3057\u306e\u30b9\u30bf\u30a4\u30eb\u3067\u3042\u3063\u305f\u308a\u3001\u81a8\u5927\u306a\u6f14\u7fd2\u91cf\u3092\u3053\u306a\u3059\u3053\u3068\u304c\u6c42\u3081\u3089\u308c\u308b\u30b9\u30bf\u30a4\u30eb\u3060\u3063\u305f\u308a\u3059\u308b\u3088\u3046\u3067\u3059\u3002<\/p>\n<p>\u307e\u305a\u3084\u3089\u305b\u3063\u3071\u306a\u3057\u306f\u8ad6\u5916\u3060\u3068\u30b6\u30ef\u30ca\u30d3\u306f\u8003\u3048\u307e\u3059\u3002\u5b9a\u671f\u7684\u306a\u30c1\u30a7\u30c3\u30af\u304c\u5165\u308b\u3053\u3068\u3067\u3001\u7d30\u304b\u306a\u5909\u5316\u306b\u6c17\u3065\u304f\u3053\u3068\u304c\u3067\u304d\u3001\u8ecc\u9053\u4fee\u6b63\u3082\u67d4\u8edf\u306b\u884c\u3046\u3053\u3068\u304c\u3067\u304d\u307e\u3059\u3002\u30b6\u30ef\u30ca\u30d3 \u306f1\u9031\u9593\u3092\u57fa\u672c\u30b5\u30a4\u30af\u30eb\u3068\u3057\u305f\u30c1\u30a7\u30c3\u30af\u4f53\u5236\u304c\u3042\u308b\u305f\u3081\u3001\u3084\u3089\u305b\u3063\u3071\u306a\u3057\u3092\u9632\u3050\u3053\u3068\u304c\u3067\u304d\u307e\u3059\u3002<\/p>\n<p>\u81a8\u5927\u306a\u6f14\u7fd2\u91cf\u3092\u3053\u306a\u3059\u3053\u3068\u304c\u6c42\u3081\u3089\u308c\u308b\u30b9\u30bf\u30a4\u30eb\u306f\u3001\u5b66\u7fd2\u306e\u76ee\u7684\u304c\u3053\u306a\u3059\u3053\u3068\u306b\u306a\u308a\u304c\u3061\u3067\u3059\u3002\u7269\u4e8b\u306b\u306f\u9069\u5207\u306a\u91cf\u3068\u3044\u3046\u3082\u306e\u304c\u5b58\u5728\u3057\u307e\u3059\u3002\u6f14\u7fd2\u91cf\u3092\u591a\u304f\u3068\u308b\u3053\u3068\u306b\u5bfe\u3057\u3066\u306f\u30b6\u30ef\u30ca\u30d3 \u3082\u5426\u5b9a\u7684\u3067\u306f\u3042\u308a\u307e\u3059\u305b\u3093\u304c\u3001\u9069\u5207\u306a\u554f\u984c\u3092\u9078\u629e\u3057\u3066\u3042\u3052\u308b\u3053\u3068\u304c\u5fc5\u8981\u3060\u3068\u8003\u3048\u307e\u3059\u3002\u30b6\u30ef\u30ca\u30d3 \u3067\u3042\u308c\u3070\u4e00\u4eba\u4e00\u4eba\u306e\u82e6\u624b\u5185\u5bb9\u3092\u6bce\u9031\u78ba\u8a8d\u3057\u3066\u3044\u308b\u304b\u3089\u3053\u305d\u3001\u7684\u78ba\u306a\u6307\u793a\u3092\u51fa\u3059\u3053\u3068\u304c\u53ef\u80fd\u3067\u3059\u3002<\/p>\n<\/div>\n<div class=\"ep-box es-BmarkQ bgc-white\">Q\uff1a\u5168\u56fd\u3092\u4ee3\u8868\u3059\u308b\u6709\u540d\u8b1b\u5e2b\u306e\u6620\u50cf\u6388\u696d\u3092\u8996\u8074\u3057\u3066\u3044\u307e\u3059\u304c\u3001\u6210\u7e3e\u304c\u4e0a\u304c\u308a\u307e\u305b\u3093\u3002<\/div>\n<div><\/div>\n<div>\n<p class=\"well2\">\u3069\u308c\u3060\u3051\u7d20\u6674\u3089\u3057\u3044\u6388\u696d\u3092\u898b\u3066\u3082\u300c\u5206\u304b\u308b\u300d\u3088\u3046\u306b\u306a\u308b\u3060\u3051\u3067\u3001\u300c\u3067\u304d\u308b\u300d\u3088\u3046\u306b\u306a\u308b\u305f\u3081\u306b\u306f\u81ea\u5b66\u81ea\u7fd2\u304c\u6b20\u304b\u305b\u306a\u3044\u3068\u3044\u3046\u3053\u3068\u3067\u3059\u3002<\/p>\n<\/div>\n<div>Q\uff1a\u308f\u304b\u3089\u306a\u3044\u554f\u984c\u304c\u3042\u308b\u6642\u306f\u3059\u3050\u8cea\u554f\u3067\u304d\u307e\u3059\u304b\uff1f\u8cea\u554f\u3057\u3084\u3059\u3044\u3067\u3059\u304b\uff1f<\/div>\n<div>\n<p class=\"well2\">\u306f\u3044\u3002\u3067\u304d\u307e\u3059\u3002\u30b6\u30ef\u30ca\u30d3\u306e\u6559\u5ba4\u306b\u306f\u30c1\u30e5\u30fc\u30bf\u30fc\u30b9\u30bf\u30c3\u30d5\u304c\u304a\u308a\u307e\u3059\u306e\u3067\u5206\u304b\u3089\u306a\u3051\u308c\u3070\u305d\u306e\u90fd\u5ea6\u8cea\u554f\u53ef\u80fd\u3067\u3059\u3002\u307e\u305f\u30aa\u30f3\u30e9\u30a4\u30f3\u4e0a\u3067\u3082\u8cea\u554f\u5fdc\u5bfe\u3092\u884c\u306a\u3063\u3066\u304a\u308a\u307e\u3059\u306e\u3067\u3001\u6559\u5ba4\u306b\u901a\u3063\u3066\u3044\u306a\u3044\u65e5\u3067\u3082\u3001\u6c17\u8efd\u306b\u8cea\u554f\u3092\u3059\u308b\u3053\u3068\u304c\u3067\u304d\u307e\u3059\u3002<\/p>\n<\/div>\n<div>Q\uff1a\u73fe\u5728\u9ad8\u6821\u751f\u3067\u3059\u304c\u3001\u5b66\u6821\u306e\u8ab2\u984c\u304c\u591a\u304f\u587e\u306e\u8ab2\u984c\u306b\u307e\u3067\u624b\u304c\u307e\u308f\u3089\u306a\u3044\u3067\u3059\u3002\u305d\u306e\u5834\u5408\u3001\u5b66\u6821\u306e\u8ab2\u984c\u3082\u587e\u3067\u307f\u3066\u3082\u3089\u3048\u307e\u3059\u304b\uff1f<\/div>\n<div><\/div>\n<div>\n<p class=\"well2\">\u77f3\u5ddd\u770c\u306e\u516c\u7acb\u9ad8\u6821\u306f\u3001\u5b66\u6821\u304c\u751f\u5f92\u4e00\u4eba\u4e00\u4eba\u306e\u5b66\u7fd2\u306b\u95a2\u4e0e\u3059\u308b\u5272\u5408\u304c\u5168\u56fd\u7684\u306b\u898b\u3066\u3082\u9ad8\u3044\u3068\u8a00\u308f\u308c\u3066\u3044\u307e\u3059\u3002<br \/>\n\u5b66\u6821\u306e\u8ab2\u984c\u3067\u624b\u4e00\u676f\u3067\u3001\u6620\u50cf\u8996\u8074\u578b\u306e\u587e\u306b\u884c\u3063\u3066\u3082\u3001\u6620\u50cf\u3092\u898b\u308b\u6642\u9593\u306f\u306a\u304f\u3001\u4f7f\u3046\u306e\u306f\u3082\u3063\u3071\u3089\u81ea\u7fd2\u5ba4\u3060\u3051\u3067\u610f\u5473\u304c\u306a\u3044\u3068\u3044\u3046\u9ad8\u6821\u751f\u306f\u5c11\u306a\u304f\u3042\u308a\u307e\u305b\u3093\u3002<br \/>\n\u6620\u50cf\u3092\u3044\u304f\u3089\u898b\u3066\u3082\u6210\u7e3e\u306f\u4e0a\u304c\u308a\u307e\u305b\u3093\u304b\u3089\u3001\u81ea\u5b66\u81ea\u7fd2\u30b9\u30bf\u30a4\u30eb\u306e\u587e\u306b\u5207\u308a\u66ff\u3048\u308b\u4e8b\u3092\u30aa\u30b9\u30b9\u30e1\u3057\u307e\u3059\u3002<\/p>\n<\/div>\n<div class=\"ep-box es-BmarkA bgc-white\"><\/div>\n<h2 id=\"outline__6\">\u30b6\u30ef\u30ca\u30d3\u3078\u306e\u304a\u554f\u3044\u5408\u308f\u305b\u306f<\/h2>\n<hr \/>\n<p><iframe loading=\"lazy\" src=\"https:\/\/docs.google.com\/forms\/d\/e\/1FAIpQLSdAKZYU7EwEr7FofJsmlB9oQ1bsiRXHOVzHZ3UCuC_m0m0yiA\/viewform?embedded=true\" width=\"500\" height=\"520\" frameborder=\"0\" marginwidth=\"0\" marginheight=\"0\">\u8aad\u307f\u8fbc\u3093\u3067\u3044\u307e\u3059\u2026<\/iframe><\/p>\n<h2 id=\"outline__7\">\u30b6\u30ef\u30ca\u30d3\u306e\u6559\u5ba4\u60c5\u5831<\/h2>\n<hr \/>\n<p><a href=\"https:\/\/zawanabi.net\/wp-content\/uploads\/2020\/03\/IMG_9139.jpg\"><img class=\"aligncenter wp-image-3085 size-medium\" decoding=\"async\" loading=\"lazy\" src=\"https:\/\/zawanabi.net\/wp-content\/uploads\/2020\/03\/IMG_9139-300x300.jpg\" alt=\"\" width=\"300\" height=\"300\" \/><\/a><\/p>\n<div class=\"ep-box es-Bbrackets bgc-white es-center es-bold es-FbigL\" style=\"text-align: left;\"><span style=\"font-size: 10pt;\">\u77f3\u5ddd\u770c\u91d1\u6ca2\u5e02\u6cc9\u91ce\u753a1\u4e01\u76ee4-4 \u5317\u5ddd\u30d3\u30eb3F<br \/>\n\u55b6\u696d\u6642\u9593\uff1a\u5e73\u65e5 16:00\u301c22:00\u3000\u571f\u65e5\u795d 13:00\u301c22:00\u3000\u5b9a\u4f11\u65e5\uff1a\u4e0d\u5b9a\u4f11<\/span><\/div>\n<div><\/div>\n<p><iframe loading=\"lazy\" style=\"border: 0;\" tabindex=\"0\" src=\"https:\/\/www.google.com\/maps\/embed?pb=!1m14!1m8!1m3!1d12821.425543238549!2d136.657458!3d36.545519!3m2!1i1024!2i768!4f13.1!3m3!1m2!1s0x0%3A0x41bdc83ad5965863!2z44K244Ov44OK44OT!5e0!3m2!1sja!2sjp!4v1584708114342!5m2!1sja!2sjp\" width=\"600\" height=\"450\" frameborder=\"0\" allowfullscreen=\"allowfullscreen\" aria-hidden=\"false\"><\/iframe><\/p>\n","protected":false},"excerpt":{"rendered":"<p>\u6210\u7e3e\u30a2\u30c3\u30d7\u306b\u5fc5\u8981\u306a\u3053\u3068\u306f\u51ac\u671f\u8b1b\u7fd2\u4f1a\u306b\u53c2\u52a0\u3059\u308b\u3053\u3068\u3067\u3082\u3001\u6709\u540d\u306a\u5148\u751f\u306e\u5206\u304b\u308a\u3084\u3059\u3044\u6388\u696d\u3092\u805e\u304f\u3053\u3068\u3067\u3082\u3042\u308a\u307e\u305b\u3093\u3002 \u81ea\u5b66\u81ea\u7fd2\u3092\u901a\u3057\u3066\u3001\u4e00\u3064\u3067\u3082\u591a\u304f\u300c\u5206\u304b\u308b\u300d\u3092\u300c\u3067\u304d\u308b\u300d\u306b\u3057\u3066\u3044\u304f\u3053\u3068 &#8230; <\/p>\n","protected":false},"author":1,"featured_media":0,"parent":0,"menu_order":0,"comment_status":"closed","ping_status":"closed","template":"","meta":{"_editorskit_title_hidden":false,"_editorskit_reading_time":0,"_editorskit_is_block_options_detached":false,"_editorskit_block_options_position":"{}","om_disable_all_campaigns":false,"_monsterinsights_skip_tracking":false,"_monsterinsights_sitenote_active":false,"_monsterinsights_sitenote_note":"","_monsterinsights_sitenote_category":0,"jetpack_post_was_ever_published":false,"footnotes":""},"class_list":["post-3074","page","type-page","status-publish","hentry"],"aioseo_notices":[],"jetpack_sharing_enabled":false,"jetpack_shortlink":"https:\/\/wp.me\/P7bTXv-NA","_links":{"self":[{"href":"https:\/\/zawanabi.net\/index.php?rest_route=\/wp\/v2\/pages\/3074","targetHints":{"allow":["GET"]}}],"collection":[{"href":"https:\/\/zawanabi.net\/index.php?rest_route=\/wp\/v2\/pages"}],"about":[{"href":"https:\/\/zawanabi.net\/index.php?rest_route=\/wp\/v2\/types\/page"}],"author":[{"embeddable":true,"href":"https:\/\/zawanabi.net\/index.php?rest_route=\/wp\/v2\/users\/1"}],"replies":[{"embeddable":true,"href":"https:\/\/zawanabi.net\/index.php?rest_route=%2Fwp%2Fv2%2Fcomments&post=3074"}],"version-history":[{"count":11,"href":"https:\/\/zawanabi.net\/index.php?rest_route=\/wp\/v2\/pages\/3074\/revisions"}],"predecessor-version":[{"id":3785,"href":"https:\/\/zawanabi.net\/index.php?rest_route=\/wp\/v2\/pages\/3074\/revisions\/3785"}],"wp:attachment":[{"href":"https:\/\/zawanabi.net\/index.php?rest_route=%2Fwp%2Fv2%2Fmedia&parent=3074"}],"curies":[{"name":"wp","href":"https:\/\/api.w.org\/{rel}","templated":true}]}}